{"id":14338,"date":"2023-06-30T11:27:20","date_gmt":"2023-06-30T09:27:20","guid":{"rendered":"http:\/\/www.suiteinn.it\/?page_id=14338"},"modified":"2023-06-30T11:32:20","modified_gmt":"2023-06-30T09:32:20","slug":"wir-sind-wie-eine-familie","status":"publish","type":"page","link":"https:\/\/www.suiteinn.it\/de\/wir-sind-wie-eine-familie\/","title":{"rendered":"Wir sind wie eine familie"},"content":{"rendered":"\t\t<div data-elementor-type=\"wp-page\" data-elementor-id=\"14338\" class=\"elementor elementor-14338\" data-elementor-post-type=\"page\">\n\t\t\t\t\t\t<section class=\"elementor-section elementor-top-section elementor-element elementor-element-33c40587 elementor-section-content-middle elementor-section-stretched elementor-section-boxed elementor-section-height-default elementor-section-height-default\" data-id=\"33c40587\" data-element_type=\"section\" data-e-type=\"section\" data-settings=\"{&quot;background_background&quot;:&quot;classic&quot;,&quot;stretch_section&quot;:&quot;section-stretched&quot;}\">\n\t\t\t\t\t\t\t<div class=\"elementor-background-overlay\"><\/div>\n\t\t\t\t\t\t\t<div class=\"elementor-container elementor-column-gap-wide\">\n\t\t\t\t\t<div class=\"elementor-column elementor-col-50 elementor-top-column elementor-element elementor-element-723f7256\" data-id=\"723f7256\" data-element_type=\"column\" data-e-type=\"column\">\n\t\t\t<div class=\"elementor-widget-wrap elementor-element-populated\">\n\t\t\t\t\t\t<div class=\"elementor-element elementor-element-230ef8c4 elementor-widget elementor-widget-heading\" data-id=\"230ef8c4\" data-element_type=\"widget\" data-e-type=\"widget\" data-widget_type=\"heading.default\">\n\t\t\t\t<div class=\"elementor-widget-container\">\n\t\t\t\t\t<h6 class=\"elementor-heading-title elementor-size-default\">Der Wert des Teams<\/h6>\t\t\t\t<\/div>\n\t\t\t\t<\/div>\n\t\t\t\t<div class=\"elementor-element elementor-element-8c73aa4 elementor-widget elementor-widget-heading\" data-id=\"8c73aa4\" data-element_type=\"widget\" data-e-type=\"widget\" data-widget_type=\"heading.default\">\n\t\t\t\t<div class=\"elementor-widget-container\">\n\t\t\t\t\t<h2 class=\"elementor-heading-title elementor-size-default\">Die Harmonie, die den Service f\u00fcr die G\u00e4ste verbessert.<\/h2>\t\t\t\t<\/div>\n\t\t\t\t<\/div>\n\t\t\t\t\t<\/div>\n\t\t<\/div>\n\t\t\t\t<div class=\"elementor-column elementor-col-50 elementor-top-column elementor-element elementor-element-31f0f2e9\" data-id=\"31f0f2e9\" data-element_type=\"column\" data-e-type=\"column\">\n\t\t\t<div class=\"elementor-widget-wrap\">\n\t\t\t\t\t\t\t<\/div>\n\t\t<\/div>\n\t\t\t\t\t<\/div>\n\t\t<\/section>\n\t\t\t\t<section class=\"elementor-section elementor-top-section elementor-element elementor-element-22ed92c0 elementor-section-boxed elementor-section-height-default elementor-section-height-default\" data-id=\"22ed92c0\" data-element_type=\"section\" data-e-type=\"section\">\n\t\t\t\t\t\t<div class=\"elementor-container elementor-column-gap-default\">\n\t\t\t\t\t<div class=\"elementor-column elementor-col-100 elementor-top-column elementor-element elementor-element-5cd8dff4\" data-id=\"5cd8dff4\" data-element_type=\"column\" data-e-type=\"column\">\n\t\t\t<div class=\"elementor-widget-wrap elementor-element-populated\">\n\t\t\t\t\t\t<div class=\"elementor-element elementor-element-4c26ead7 elementor-widget elementor-widget-spacer\" data-id=\"4c26ead7\" data-element_type=\"widget\" data-e-type=\"widget\" data-widget_type=\"spacer.default\">\n\t\t\t\t<div class=\"elementor-widget-container\">\n\t\t\t\t\t\t\t<div class=\"elementor-spacer\">\n\t\t\t<div class=\"elementor-spacer-inner\"><\/div>\n\t\t<\/div>\n\t\t\t\t\t\t<\/div>\n\t\t\t\t<\/div>\n\t\t\t\t\t<\/div>\n\t\t<\/div>\n\t\t\t\t\t<\/div>\n\t\t<\/section>\n\t\t\t\t<section class=\"elementor-section elementor-top-section elementor-element elementor-element-24ce5dfd elementor-section-boxed elementor-section-height-default elementor-section-height-default\" data-id=\"24ce5dfd\" data-element_type=\"section\" data-e-type=\"section\">\n\t\t\t\t\t\t<div class=\"elementor-container elementor-column-gap-default\">\n\t\t\t\t\t<div class=\"elementor-column elementor-col-100 elementor-top-column elementor-element elementor-element-9a0a4de\" data-id=\"9a0a4de\" data-element_type=\"column\" data-e-type=\"column\">\n\t\t\t<div class=\"elementor-widget-wrap elementor-element-populated\">\n\t\t\t\t\t\t<div class=\"elementor-element elementor-element-4e0b9179 elementor-widget elementor-widget-spacer\" data-id=\"4e0b9179\" data-element_type=\"widget\" data-e-type=\"widget\" data-widget_type=\"spacer.default\">\n\t\t\t\t<div class=\"elementor-widget-container\">\n\t\t\t\t\t\t\t<div class=\"elementor-spacer\">\n\t\t\t<div class=\"elementor-spacer-inner\"><\/div>\n\t\t<\/div>\n\t\t\t\t\t\t<\/div>\n\t\t\t\t<\/div>\n\t\t\t\t<div class=\"elementor-element elementor-element-6af7953 elementor-widget elementor-widget-text-editor\" data-id=\"6af7953\" data-element_type=\"widget\" data-e-type=\"widget\" data-widget_type=\"text-editor.default\">\n\t\t\t\t<div class=\"elementor-widget-container\">\n\t\t\t\t\t\t\t\t\t<h2>Das Suite Inn Hotel ist ein Treffen von Frauen in der Folge und in den Ver\u00e4nderungen in der Welt der Gastfreundschaft.<\/h2>\t\t\t\t\t\t\t\t<\/div>\n\t\t\t\t<\/div>\n\t\t\t\t<div class=\"elementor-element elementor-element-63ae15af elementor-widget elementor-widget-text-editor\" data-id=\"63ae15af\" data-element_type=\"widget\" data-e-type=\"widget\" data-widget_type=\"text-editor.default\">\n\t\t\t\t<div class=\"elementor-widget-container\">\n\t\t\t\t\t\t\t\t\t<p><em><strong>Meine Schwiegermutter Elvia Quandolo aus Udine \u00f6ffnete 1987 die Hotelt\u00fcr<\/strong> in einem Udine, das sich stark von dem jetzigen unterscheidet.<\/em><br \/><em><strong>Seit 2004 hat sie den Staffelstab an die zweite weibliche Gesch\u00e4ftsleitung \u00fcbergeben<\/strong>: Ich, <strong>Giuliana<\/strong>, habe <strong>zusammen mit Chiara den Unternehmergeist und die Motivation gesammelt<\/strong>, ihr Kind wachsen zu lassen.<\/em><\/p>\t\t\t\t\t\t\t\t<\/div>\n\t\t\t\t<\/div>\n\t\t\t\t\t<\/div>\n\t\t<\/div>\n\t\t\t\t\t<\/div>\n\t\t<\/section>\n\t\t\t\t<section class=\"elementor-section elementor-top-section elementor-element elementor-element-695d7342 elementor-section-content-top elementor-section-boxed elementor-section-height-default elementor-section-height-default\" data-id=\"695d7342\" data-element_type=\"section\" data-e-type=\"section\" data-settings=\"{&quot;background_background&quot;:&quot;classic&quot;}\">\n\t\t\t\t\t\t<div class=\"elementor-container elementor-column-gap-wide\">\n\t\t\t\t\t<div class=\"elementor-column elementor-col-50 elementor-top-column elementor-element elementor-element-c72a9fb\" data-id=\"c72a9fb\" data-element_type=\"column\" data-e-type=\"column\">\n\t\t\t<div class=\"elementor-widget-wrap elementor-element-populated\">\n\t\t\t\t\t\t<div class=\"elementor-element elementor-element-2aca0bb6 elementor-widget elementor-widget-heading\" data-id=\"2aca0bb6\" data-element_type=\"widget\" data-e-type=\"widget\" data-widget_type=\"heading.default\">\n\t\t\t\t<div class=\"elementor-widget-container\">\n\t\t\t\t\t<h2 class=\"elementor-heading-title elementor-size-default\">Drei Generationen im Vergleich<\/h2>\t\t\t\t<\/div>\n\t\t\t\t<\/div>\n\t\t\t\t<div class=\"elementor-element elementor-element-62d0227b elementor-widget elementor-widget-text-editor\" data-id=\"62d0227b\" data-element_type=\"widget\" data-e-type=\"widget\" data-widget_type=\"text-editor.default\">\n\t\t\t\t<div class=\"elementor-widget-container\">\n\t\t\t\t\t\t\t\t\t<p><strong>Bei uns gibt es heute Federica, die &#8222;Millennial&#8220; der Gruppe, und Giorgio, eine wahre Equilibristin, die unter so vielen Frauen mehr als &#8222;gesegnet&#8220; ist!<\/strong><\/p><p><strong>Wir sind ein frisches, dynamisches und vorbereitetes Team mit \u00fcbergreifenden F\u00e4higkeiten<\/strong>, um mit den Ver\u00e4nderungen in der Hotelbranche fertig zu werden.<br \/>Und wir sind stolz aus Friaul!<br \/>Wir leben aktiv in unserer Stadt Udine und Friaul-Julisch Venetien, um touristische Informationen und praktische Ratschl\u00e4ge aller Art mit unseren G\u00e4sten zu teilen.<br \/><strong>Wir stellen unsere Beziehungen zu Menschen und dem Territorium zur Verf\u00fcgung, um Entdeckungsrouten unserer Region mit lokalen Brillen vorzuschlagen!<\/strong><\/p><p><strong>Unsere Pr\u00e4senz im Hotel ist 24 Stunden am Tag und 365 Tage im Jahr aktiv!<\/strong><br \/>Wir teilen die Verpflichtung, jederzeit und mit gleicher H\u00f6flichkeit und Aufmerksamkeit Antworten und Unterst\u00fctzung f\u00fcr jeden Bedarf bereitzustellen.<br \/>Eine versp\u00e4tete Ankunft (sp\u00e4ter Check-in) oder eine Abreise im Morgengrauen (fr\u00fcher Check-out) gehen mit dem gleichen Ma\u00df an Service und Zufriedenheit einher.<\/p><p>Wir haben die direkte Kontrolle \u00fcber alle Abteilungen und Phasen des Tages im Hotel. Es gibt viele Dinge zu tun, die sich voneinander unterscheiden.<\/p><p>Dies liegt daran, dass das Suite Inn Hotel ein pers\u00f6nliches Hotel ist, das in Bezug auf die verschiedenen G\u00e4ste mit unterschiedlichen Motivationen und Bed\u00fcrfnissen vielseitig einsetzbar ist: Es ist ein fahrradfreundliches Hotel, es ist ein glutenfreies, freundliches Hotel, es ist ein haustierfreundliches Hotel. .<br \/>Er kann romantisch mit Paaren und pragmatisch und effizient mit Gesch\u00e4ftsreisenden sein &#8230;<\/p><p>Es h\u00e4lt uns im physischen und mentalen Training, es ist eine kontinuierliche Verbesserung unserer Flexibilit\u00e4t und Probleml\u00f6sung.<\/p>\t\t\t\t\t\t\t\t<\/div>\n\t\t\t\t<\/div>\n\t\t\t\t\t<\/div>\n\t\t<\/div>\n\t\t\t\t<div class=\"elementor-column elementor-col-50 elementor-top-column elementor-element elementor-element-2455bc73\" data-id=\"2455bc73\" data-element_type=\"column\" data-e-type=\"column\">\n\t\t\t<div class=\"elementor-widget-wrap elementor-element-populated\">\n\t\t\t\t\t\t<div class=\"elementor-element elementor-element-68fcb86d elementor-widget elementor-widget-image\" data-id=\"68fcb86d\" data-element_type=\"widget\" data-e-type=\"widget\" data-widget_type=\"image.default\">\n\t\t\t\t<div class=\"elementor-widget-container\">\n\t\t\t\t\t\t\t\t\t\t\t\t\t\t\t<img fetchpriority=\"high\" decoding=\"async\" width=\"450\" height=\"600\" src=\"https:\/\/www.suiteinn.it\/wp-content\/uploads\/2023\/06\/TEAM.jpg\" class=\"attachment-full size-full wp-image-14341\" alt=\"\" srcset=\"https:\/\/www.suiteinn.it\/wp-content\/uploads\/2023\/06\/TEAM.jpg 450w, https:\/\/www.suiteinn.it\/wp-content\/uploads\/2023\/06\/TEAM-225x300.jpg 225w\" sizes=\"(max-width: 450px) 100vw, 450px\" title=\"\">\t\t\t\t\t\t\t\t\t\t\t\t\t\t\t<\/div>\n\t\t\t\t<\/div>\n\t\t\t\t<div class=\"elementor-element elementor-element-69198061 elementor-widget elementor-widget-spacer\" data-id=\"69198061\" data-element_type=\"widget\" data-e-type=\"widget\" data-widget_type=\"spacer.default\">\n\t\t\t\t<div class=\"elementor-widget-container\">\n\t\t\t\t\t\t\t<div class=\"elementor-spacer\">\n\t\t\t<div class=\"elementor-spacer-inner\"><\/div>\n\t\t<\/div>\n\t\t\t\t\t\t<\/div>\n\t\t\t\t<\/div>\n\t\t\t\t<div class=\"elementor-element elementor-element-12addca6 elementor-widget elementor-widget-text-editor\" data-id=\"12addca6\" data-element_type=\"widget\" data-e-type=\"widget\" data-widget_type=\"text-editor.default\">\n\t\t\t\t<div class=\"elementor-widget-container\">\n\t\t\t\t\t\t\t\t\t<p>&#8222;<strong><em>Wir m\u00f6gen unsere Arbeit!<\/em><\/strong><br \/><em>Was ist unser Geheimnis im Team?<\/em><br \/><em><strong>Unsere innere Harmonie ist das Plus, um den G\u00e4sten einen besseren Service zu bieten.<\/strong> &#8222;<\/em><\/p>\t\t\t\t\t\t\t\t<\/div>\n\t\t\t\t<\/div>\n\t\t\t\t\t<\/div>\n\t\t<\/div>\n\t\t\t\t\t<\/div>\n\t\t<\/section>\n\t\t\t\t<\/div>\n\t\t","protected":false},"excerpt":{"rendered":"<p>Der Wert des Teams Die Harmonie, die den Service f\u00fcr die G\u00e4ste verbessert. Das Suite Inn Hotel ist ein Treffen von Frauen in der Folge und in den Ver\u00e4nderungen in der Welt der Gastfreundschaft. Meine Schwiegermutter Elvia Quandolo aus Udine \u00f6ffnete 1987 die Hotelt\u00fcr in einem Udine, das sich stark von dem jetzigen unterscheidet.Seit 2004 [&hellip;]<\/p>\n","protected":false},"author":5,"featured_media":0,"parent":0,"menu_order":0,"comment_status":"closed","ping_status":"closed","template":"","meta":{"ocean_post_layout":"","ocean_both_sidebars_style":"","ocean_both_sidebars_content_width":0,"ocean_both_sidebars_sidebars_width":0,"ocean_sidebar":"0","ocean_second_sidebar":"0","ocean_disable_margins":"enable","ocean_add_body_class":"","ocean_shortcode_before_top_bar":"","ocean_shortcode_after_top_bar":"","ocean_shortcode_before_header":"","ocean_shortcode_after_header":"","ocean_has_shortcode":"","ocean_shortcode_after_title":"","ocean_shortcode_before_footer_widgets":"","ocean_shortcode_after_footer_widgets":"","ocean_shortcode_before_footer_bottom":"","ocean_shortcode_after_footer_bottom":"","ocean_display_top_bar":"default","ocean_display_header":"default","ocean_header_style":"custom","ocean_center_header_left_menu":"0","ocean_custom_header_template":"14189","ocean_custom_logo":0,"ocean_custom_retina_logo":0,"ocean_custom_logo_max_width":0,"ocean_custom_logo_tablet_max_width":0,"ocean_custom_logo_mobile_max_width":0,"ocean_custom_logo_max_height":0,"ocean_custom_logo_tablet_max_height":0,"ocean_custom_logo_mobile_max_height":0,"ocean_header_custom_menu":"0","ocean_menu_typo_font_family":"0","ocean_menu_typo_font_subset":"","ocean_menu_typo_font_size":0,"ocean_menu_typo_font_size_tablet":0,"ocean_menu_typo_font_size_mobile":0,"ocean_menu_typo_font_size_unit":"px","ocean_menu_typo_font_weight":"","ocean_menu_typo_font_weight_tablet":"","ocean_menu_typo_font_weight_mobile":"","ocean_menu_typo_transform":"","ocean_menu_typo_transform_tablet":"","ocean_menu_typo_transform_mobile":"","ocean_menu_typo_line_height":0,"ocean_menu_typo_line_height_tablet":0,"ocean_menu_typo_line_height_mobile":0,"ocean_menu_typo_line_height_unit":"","ocean_menu_typo_spacing":0,"ocean_menu_typo_spacing_tablet":0,"ocean_menu_typo_spacing_mobile":0,"ocean_menu_typo_spacing_unit":"","ocean_menu_link_color":"","ocean_menu_link_color_hover":"","ocean_menu_link_color_active":"","ocean_menu_link_background":"","ocean_menu_link_hover_background":"","ocean_menu_link_active_background":"","ocean_menu_social_links_bg":"","ocean_menu_social_hover_links_bg":"","ocean_menu_social_links_color":"","ocean_menu_social_hover_links_color":"","ocean_disable_title":"on","ocean_disable_heading":"default","ocean_post_title":"","ocean_post_subheading":"","ocean_post_title_style":"","ocean_post_title_background_color":"","ocean_post_title_background":0,"ocean_post_title_bg_image_position":"","ocean_post_title_bg_image_attachment":"","ocean_post_title_bg_image_repeat":"","ocean_post_title_bg_image_size":"","ocean_post_title_height":0,"ocean_post_title_bg_overlay":0.5,"ocean_post_title_bg_overlay_color":"","ocean_disable_breadcrumbs":"default","ocean_breadcrumbs_color":"","ocean_breadcrumbs_separator_color":"","ocean_breadcrumbs_links_color":"","ocean_breadcrumbs_links_hover_color":"","ocean_display_footer_widgets":"default","ocean_display_footer_bottom":"default","ocean_custom_footer_template":"0","footnotes":""},"class_list":["post-14338","page","type-page","status-publish","hentry","entry"],"_links":{"self":[{"href":"https:\/\/www.suiteinn.it\/de\/wp-json\/wp\/v2\/pages\/14338","targetHints":{"allow":["GET"]}}],"collection":[{"href":"https:\/\/www.suiteinn.it\/de\/wp-json\/wp\/v2\/pages"}],"about":[{"href":"https:\/\/www.suiteinn.it\/de\/wp-json\/wp\/v2\/types\/page"}],"author":[{"embeddable":true,"href":"https:\/\/www.suiteinn.it\/de\/wp-json\/wp\/v2\/users\/5"}],"replies":[{"embeddable":true,"href":"https:\/\/www.suiteinn.it\/de\/wp-json\/wp\/v2\/comments?post=14338"}],"version-history":[{"count":0,"href":"https:\/\/www.suiteinn.it\/de\/wp-json\/wp\/v2\/pages\/14338\/revisions"}],"wp:attachment":[{"href":"https:\/\/www.suiteinn.it\/de\/wp-json\/wp\/v2\/media?parent=14338"}],"curies":[{"name":"wp","href":"https:\/\/api.w.org\/{rel}","templated":true}]}}