{"id":14426,"date":"2023-06-30T11:52:07","date_gmt":"2023-06-30T09:52:07","guid":{"rendered":"http:\/\/www.suiteinn.it\/?page_id=14426"},"modified":"2023-06-30T11:52:36","modified_gmt":"2023-06-30T09:52:36","slug":"dienstleistungen","status":"publish","type":"page","link":"https:\/\/www.suiteinn.it\/de\/dienstleistungen\/","title":{"rendered":"Unsere Dienstleistungen"},"content":{"rendered":"\t\t<div data-elementor-type=\"wp-page\" data-elementor-id=\"14426\" class=\"elementor elementor-14426 elementor-7708\" data-elementor-post-type=\"page\">\n\t\t\t\t\t\t<section class=\"elementor-section elementor-top-section elementor-element elementor-element-66d3ee24 elementor-section-content-middle elementor-section-stretched elementor-section-boxed elementor-section-height-default elementor-section-height-default\" data-id=\"66d3ee24\" data-element_type=\"section\" data-e-type=\"section\" data-settings=\"{&quot;background_background&quot;:&quot;classic&quot;,&quot;stretch_section&quot;:&quot;section-stretched&quot;}\">\n\t\t\t\t\t\t\t<div class=\"elementor-background-overlay\"><\/div>\n\t\t\t\t\t\t\t<div class=\"elementor-container elementor-column-gap-wide\">\n\t\t\t\t\t<div class=\"elementor-column elementor-col-50 elementor-top-column elementor-element elementor-element-2eb0bc17\" data-id=\"2eb0bc17\" data-element_type=\"column\" data-e-type=\"column\">\n\t\t\t<div class=\"elementor-widget-wrap elementor-element-populated\">\n\t\t\t\t\t\t<div class=\"elementor-element elementor-element-73d30fd5 elementor-widget elementor-widget-heading\" data-id=\"73d30fd5\" data-element_type=\"widget\" data-e-type=\"widget\" data-widget_type=\"heading.default\">\n\t\t\t\t<div class=\"elementor-widget-container\">\n\t\t\t\t\t<h6 class=\"elementor-heading-title elementor-size-default\">Hotel Suite Inn Dienstleistungen<\/h6>\t\t\t\t<\/div>\n\t\t\t\t<\/div>\n\t\t\t\t<div class=\"elementor-element elementor-element-55ff55a2 elementor-widget elementor-widget-heading\" data-id=\"55ff55a2\" data-element_type=\"widget\" data-e-type=\"widget\" data-widget_type=\"heading.default\">\n\t\t\t\t<div class=\"elementor-widget-container\">\n\t\t\t\t\t<h2 class=\"elementor-heading-title elementor-size-default\">Ihr 3 Sterne Hotel im Zentrum von Udine<\/h2>\t\t\t\t<\/div>\n\t\t\t\t<\/div>\n\t\t\t\t\t<\/div>\n\t\t<\/div>\n\t\t\t\t<div class=\"elementor-column elementor-col-50 elementor-top-column elementor-element elementor-element-342889fd\" data-id=\"342889fd\" data-element_type=\"column\" data-e-type=\"column\">\n\t\t\t<div class=\"elementor-widget-wrap\">\n\t\t\t\t\t\t\t<\/div>\n\t\t<\/div>\n\t\t\t\t\t<\/div>\n\t\t<\/section>\n\t\t\t\t<section class=\"elementor-section elementor-top-section elementor-element elementor-element-78395dc1 elementor-section-boxed elementor-section-height-default elementor-section-height-default\" data-id=\"78395dc1\" data-element_type=\"section\" data-e-type=\"section\">\n\t\t\t\t\t\t<div class=\"elementor-container elementor-column-gap-default\">\n\t\t\t\t\t<div class=\"elementor-column elementor-col-100 elementor-top-column elementor-element elementor-element-28f8e0\" data-id=\"28f8e0\" data-element_type=\"column\" data-e-type=\"column\">\n\t\t\t<div class=\"elementor-widget-wrap elementor-element-populated\">\n\t\t\t\t\t\t<div class=\"elementor-element elementor-element-2163680 elementor-widget elementor-widget-spacer\" data-id=\"2163680\" data-element_type=\"widget\" data-e-type=\"widget\" data-widget_type=\"spacer.default\">\n\t\t\t\t<div class=\"elementor-widget-container\">\n\t\t\t\t\t\t\t<div class=\"elementor-spacer\">\n\t\t\t<div class=\"elementor-spacer-inner\"><\/div>\n\t\t<\/div>\n\t\t\t\t\t\t<\/div>\n\t\t\t\t<\/div>\n\t\t\t\t<div class=\"elementor-element elementor-element-7f01f84c elementor-widget elementor-widget-text-editor\" data-id=\"7f01f84c\" data-element_type=\"widget\" data-e-type=\"widget\" data-widget_type=\"text-editor.default\">\n\t\t\t\t<div class=\"elementor-widget-container\">\n\t\t\t\t\t\t\t\t\t<h3 style=\"text-align: center;\">Ihr 3 Sterne Hotel im Zentrum von Udine<\/h3>\t\t\t\t\t\t\t\t<\/div>\n\t\t\t\t<\/div>\n\t\t\t\t<div class=\"elementor-element elementor-element-48028927 elementor-widget elementor-widget-text-editor\" data-id=\"48028927\" data-element_type=\"widget\" data-e-type=\"widget\" data-widget_type=\"text-editor.default\">\n\t\t\t\t<div class=\"elementor-widget-container\">\n\t\t\t\t\t\t\t\t\t<p style=\"text-align: center;\"><strong>Hotel Suite Inn ist Ihr Hotel in Udine, um das Herz der Stadt zu erleben.<\/strong><\/p><p style=\"text-align: left;\">Wir kennen Udine sowie die Umgebung hervorragend und wir stehen Ihnen zur Seite mit Rat und Tat in Bezug auf praktische Tipps oder Empfehlungen \u00fcber die sehenswerten St\u00e4tten, die \u00f6rtlichen Kuriosit\u00e4ten und die Wein- und Essspezialit\u00e4ten, die Sie keineswegs verpassen sollten.<\/p><p style=\"text-align: left;\">Egal ob <strong>Gesch\u00e4fts-<\/strong> oder <strong>Wochenendtrip<\/strong> oder <strong>Radreise<\/strong>, sind wir immer sehr bem\u00fcht, alle W\u00fcnsche und Pr\u00e4ferenzen zu erf\u00fcllen. <strong>Hotel Suite Inn liegt neben Zentrum<\/strong>, an der nordlichen Seite der Innenstadt. In knapp\u00a0<strong>10 Gehminuten<\/strong>\u00a0oder 5 Minuten mit dem Rad sind Sie\u00a0<strong>im Herzen der Altstadt. Die Universit\u00e4t <\/strong>ist auch in der N\u00e4he. Bei uns haben Sie <strong>Parkplatz<\/strong> und wenn Sie mit dem Rad zu uns kommen, buchen Sie unser Angebot f\u00fcr Radfahrer entlang den Alpe Adria Radweg.<\/p><h3>Buchen Sie direkt bei uns und sichern Sie sich damit den besten Preis!<\/h3><h3 style=\"text-align: left;\">\u00a0<\/h3><ul><li style=\"text-align: left;\">\u00dcbernachtung mit Fr\u00fchst\u00fcck<\/li><li style=\"text-align: left;\">Telefon<\/li><li style=\"text-align: left;\">Lift nur f\u00fcr die Zimmer im Nebengeb\u00e4ude Q-Inn<\/li><li style=\"text-align: left;\">SAT-TV mit SKY-Angebot<\/li><li style=\"text-align: left;\">Wi-Fi, gesch\u00fctzt und kostenfrei \u00fcberall im Haus<\/li><li style=\"text-align: left;\">Klimaanlage<\/li><li style=\"text-align: left;\">Minibar<\/li><li style=\"text-align: left;\">Safe<\/li><li style=\"text-align: left;\">W\u00e4sche- und B\u00fcgeldienst<\/li><li style=\"text-align: left;\"><strong>Neue Formel<\/strong>\u00a0<strong>RistoHotel Suite Inn!<\/strong> Was soll das bedeuten? Sehr einfach, die Restaurants der Stadt liefern Ihre k\u00f6stliche Gerichte direkt ins Hotel. Verschiedene Men\u00fcs an der Rezeption, Bestellung bei der Rezeption, Lieferung in 30 Minuten, dann k\u00f6nnen Sie Ihr Essen im Fr\u00fchst\u00fcckssaal oder im Zimmer genie\u00dfen, wie Sie lieber haben.<\/li><li style=\"text-align: left;\">Taxiservice und Sonderbedingungen f\u00fcr Transfers von\/ab den Hauptflugh\u00e4fen<\/li><li style=\"text-align: left;\">F\u00fcr Tagungen ausgestattete R\u00e4ume<\/li><li style=\"text-align: left;\">Bar f\u00fcr Hotelg\u00e4ste<\/li><li style=\"text-align: left;\">Fax- und Kopierdienst<\/li><li style=\"text-align: left;\">Behindertengerechter Zugang<\/li><li style=\"text-align: left;\">Behindertengerechtes Zimmer<\/li><li style=\"text-align: left;\">Parkplatz und E-Lade Station auch f\u00fcr E-Bike<\/li><li style=\"text-align: left;\">Reservierung und Kauf von Karten f\u00fcr Konzerte, Theater und Fu\u00dfballspiele <strong>Udinese Calcio<\/strong><\/li><li style=\"text-align: left;\">F\u00fcr unsere sportlichen G\u00e4ste:<\/li><li style=\"text-align: left;\">Fahrradverleih<\/li><li style=\"text-align: left;\">Partnerhotel mit Golf Club Udine<\/li><li style=\"text-align: left;\">Partnerhotel mit dem Wellnesszentrum Aquarius und mit einer nahe liegenden Turnhalle<\/li><li style=\"text-align: left;\">Tennispl\u00e4tze, auch \u00fcberdacht, in der N\u00e4he<\/li><li style=\"text-align: left;\">Schwimmbad Palamostre ganz in der N\u00e4he<\/li><\/ul><h6 style=\"text-align: left;\">\u00a0<\/h6>\t\t\t\t\t\t\t\t<\/div>\n\t\t\t\t<\/div>\n\t\t\t\t\t<\/div>\n\t\t<\/div>\n\t\t\t\t\t<\/div>\n\t\t<\/section>\n\t\t\t\t<section class=\"elementor-section elementor-top-section elementor-element elementor-element-71cddcdf elementor-section-boxed elementor-section-height-default elementor-section-height-default\" data-id=\"71cddcdf\" data-element_type=\"section\" data-e-type=\"section\">\n\t\t\t\t\t\t<div class=\"elementor-container elementor-column-gap-default\">\n\t\t\t\t\t<div class=\"elementor-column elementor-col-100 elementor-top-column elementor-element elementor-element-3c4bda30\" data-id=\"3c4bda30\" data-element_type=\"column\" data-e-type=\"column\">\n\t\t\t<div class=\"elementor-widget-wrap elementor-element-populated\">\n\t\t\t\t\t\t<div class=\"elementor-element elementor-element-4076d1e0 elementor-widget elementor-widget-spacer\" data-id=\"4076d1e0\" data-element_type=\"widget\" data-e-type=\"widget\" data-widget_type=\"spacer.default\">\n\t\t\t\t<div class=\"elementor-widget-container\">\n\t\t\t\t\t\t\t<div class=\"elementor-spacer\">\n\t\t\t<div class=\"elementor-spacer-inner\"><\/div>\n\t\t<\/div>\n\t\t\t\t\t\t<\/div>\n\t\t\t\t<\/div>\n\t\t\t\t\t<\/div>\n\t\t<\/div>\n\t\t\t\t\t<\/div>\n\t\t<\/section>\n\t\t\t\t<section class=\"elementor-section elementor-top-section elementor-element elementor-element-4a709054 elementor-section-boxed elementor-section-height-default elementor-section-height-default\" data-id=\"4a709054\" data-element_type=\"section\" data-e-type=\"section\">\n\t\t\t\t\t\t<div class=\"elementor-container elementor-column-gap-default\">\n\t\t\t\t\t<div class=\"elementor-column elementor-col-100 elementor-top-column elementor-element elementor-element-3de271f2\" data-id=\"3de271f2\" data-element_type=\"column\" data-e-type=\"column\">\n\t\t\t<div class=\"elementor-widget-wrap elementor-element-populated\">\n\t\t\t\t\t\t<div class=\"elementor-element elementor-element-36586c3f elementor-align-left elementor-hidden-phone elementor-widget elementor-widget-button\" data-id=\"36586c3f\" data-element_type=\"widget\" data-e-type=\"widget\" data-widget_type=\"button.default\">\n\t\t\t\t<div class=\"elementor-widget-container\">\n\t\t\t\t\t\t\t\t\t<div class=\"elementor-button-wrapper\">\n\t\t\t\t\t<a class=\"elementor-button elementor-button-link elementor-size-md\" href=\"https:\/\/reservations.verticalbooking.com\/premium\/index.html?id_stile=17266&#038;headvar=ok&#038;lingua_int=deu&#038;id_albergo=12689&#038;dc=9355\" rel=\"nofollow noopener\" target=\"_blank\">\n\t\t\t\t\t\t<span class=\"elementor-button-content-wrapper\">\n\t\t\t\t\t\t<span class=\"elementor-button-icon\">\n\t\t\t\t<i aria-hidden=\"true\" class=\"fas fa-long-arrow-alt-right\"><\/i>\t\t\t<\/span>\n\t\t\t\t\t\t\t\t\t<span class=\"elementor-button-text\">JETZ BUCHEN<\/span>\n\t\t\t\t\t<\/span>\n\t\t\t\t\t<\/a>\n\t\t\t\t<\/div>\n\t\t\t\t\t\t\t\t<\/div>\n\t\t\t\t<\/div>\n\t\t\t\t\t<\/div>\n\t\t<\/div>\n\t\t\t\t\t<\/div>\n\t\t<\/section>\n\t\t\t\t<section class=\"elementor-section elementor-top-section elementor-element elementor-element-5e75c60a elementor-section-boxed elementor-section-height-default elementor-section-height-default\" data-id=\"5e75c60a\" data-element_type=\"section\" data-e-type=\"section\">\n\t\t\t\t\t\t<div class=\"elementor-container elementor-column-gap-default\">\n\t\t\t\t\t<div class=\"elementor-column elementor-col-100 elementor-top-column elementor-element elementor-element-64992496\" data-id=\"64992496\" data-element_type=\"column\" data-e-type=\"column\">\n\t\t\t<div class=\"elementor-widget-wrap elementor-element-populated\">\n\t\t\t\t\t\t<div class=\"elementor-element elementor-element-57d73174 elementor-widget elementor-widget-spacer\" data-id=\"57d73174\" data-element_type=\"widget\" data-e-type=\"widget\" data-widget_type=\"spacer.default\">\n\t\t\t\t<div class=\"elementor-widget-container\">\n\t\t\t\t\t\t\t<div class=\"elementor-spacer\">\n\t\t\t<div class=\"elementor-spacer-inner\"><\/div>\n\t\t<\/div>\n\t\t\t\t\t\t<\/div>\n\t\t\t\t<\/div>\n\t\t\t\t\t<\/div>\n\t\t<\/div>\n\t\t\t\t\t<\/div>\n\t\t<\/section>\n\t\t\t\t<section class=\"elementor-section elementor-top-section elementor-element elementor-element-5a3b3146 elementor-section-boxed elementor-section-height-default elementor-section-height-default\" data-id=\"5a3b3146\" data-element_type=\"section\" data-e-type=\"section\" data-settings=\"{&quot;background_background&quot;:&quot;classic&quot;}\">\n\t\t\t\t\t\t<div class=\"elementor-container elementor-column-gap-default\">\n\t\t\t\t\t<div class=\"elementor-column elementor-col-100 elementor-top-column elementor-element elementor-element-382f277e\" data-id=\"382f277e\" data-element_type=\"column\" data-e-type=\"column\">\n\t\t\t<div class=\"elementor-widget-wrap elementor-element-populated\">\n\t\t\t\t\t\t<div class=\"elementor-element elementor-element-11ec0442 elementor-widget elementor-widget-spacer\" data-id=\"11ec0442\" data-element_type=\"widget\" data-e-type=\"widget\" data-widget_type=\"spacer.default\">\n\t\t\t\t<div class=\"elementor-widget-container\">\n\t\t\t\t\t\t\t<div class=\"elementor-spacer\">\n\t\t\t<div class=\"elementor-spacer-inner\"><\/div>\n\t\t<\/div>\n\t\t\t\t\t\t<\/div>\n\t\t\t\t<\/div>\n\t\t\t\t\t<\/div>\n\t\t<\/div>\n\t\t\t\t\t<\/div>\n\t\t<\/section>\n\t\t\t\t<\/div>\n\t\t","protected":false},"excerpt":{"rendered":"<p>Hotel Suite Inn Dienstleistungen Ihr 3 Sterne Hotel im Zentrum von Udine Ihr 3 Sterne Hotel im Zentrum von Udine Hotel Suite Inn ist Ihr Hotel in Udine, um das Herz der Stadt zu erleben. Wir kennen Udine sowie die Umgebung hervorragend und wir stehen Ihnen zur Seite mit Rat und Tat in Bezug auf [&hellip;]<\/p>\n","protected":false},"author":5,"featured_media":0,"parent":0,"menu_order":0,"comment_status":"closed","ping_status":"closed","template":"","meta":{"ocean_post_layout":"","ocean_both_sidebars_style":"","ocean_both_sidebars_content_width":0,"ocean_both_sidebars_sidebars_width":0,"ocean_sidebar":"0","ocean_second_sidebar":"0","ocean_disable_margins":"enable","ocean_add_body_class":"","ocean_shortcode_before_top_bar":"","ocean_shortcode_after_top_bar":"","ocean_shortcode_before_header":"","ocean_shortcode_after_header":"","ocean_has_shortcode":"","ocean_shortcode_after_title":"","ocean_shortcode_before_footer_widgets":"","ocean_shortcode_after_footer_widgets":"","ocean_shortcode_before_footer_bottom":"","ocean_shortcode_after_footer_bottom":"","ocean_display_top_bar":"default","ocean_display_header":"default","ocean_header_style":"custom","ocean_center_header_left_menu":"0","ocean_custom_header_template":"14189","ocean_custom_logo":0,"ocean_custom_retina_logo":0,"ocean_custom_logo_max_width":0,"ocean_custom_logo_tablet_max_width":0,"ocean_custom_logo_mobile_max_width":0,"ocean_custom_logo_max_height":0,"ocean_custom_logo_tablet_max_height":0,"ocean_custom_logo_mobile_max_height":0,"ocean_header_custom_menu":"0","ocean_menu_typo_font_family":"0","ocean_menu_typo_font_subset":"","ocean_menu_typo_font_size":0,"ocean_menu_typo_font_size_tablet":0,"ocean_menu_typo_font_size_mobile":0,"ocean_menu_typo_font_size_unit":"px","ocean_menu_typo_font_weight":"","ocean_menu_typo_font_weight_tablet":"","ocean_menu_typo_font_weight_mobile":"","ocean_menu_typo_transform":"","ocean_menu_typo_transform_tablet":"","ocean_menu_typo_transform_mobile":"","ocean_menu_typo_line_height":0,"ocean_menu_typo_line_height_tablet":0,"ocean_menu_typo_line_height_mobile":0,"ocean_menu_typo_line_height_unit":"","ocean_menu_typo_spacing":0,"ocean_menu_typo_spacing_tablet":0,"ocean_menu_typo_spacing_mobile":0,"ocean_menu_typo_spacing_unit":"","ocean_menu_link_color":"","ocean_menu_link_color_hover":"","ocean_menu_link_color_active":"","ocean_menu_link_background":"","ocean_menu_link_hover_background":"","ocean_menu_link_active_background":"","ocean_menu_social_links_bg":"","ocean_menu_social_hover_links_bg":"","ocean_menu_social_links_color":"","ocean_menu_social_hover_links_color":"","ocean_disable_title":"on","ocean_disable_heading":"default","ocean_post_title":"","ocean_post_subheading":"","ocean_post_title_style":"","ocean_post_title_background_color":"","ocean_post_title_background":0,"ocean_post_title_bg_image_position":"","ocean_post_title_bg_image_attachment":"","ocean_post_title_bg_image_repeat":"","ocean_post_title_bg_image_size":"","ocean_post_title_height":0,"ocean_post_title_bg_overlay":0.5,"ocean_post_title_bg_overlay_color":"","ocean_disable_breadcrumbs":"default","ocean_breadcrumbs_color":"","ocean_breadcrumbs_separator_color":"","ocean_breadcrumbs_links_color":"","ocean_breadcrumbs_links_hover_color":"","ocean_display_footer_widgets":"default","ocean_display_footer_bottom":"default","ocean_custom_footer_template":"0","footnotes":""},"class_list":["post-14426","page","type-page","status-publish","hentry","entry"],"_links":{"self":[{"href":"https:\/\/www.suiteinn.it\/de\/wp-json\/wp\/v2\/pages\/14426","targetHints":{"allow":["GET"]}}],"collection":[{"href":"https:\/\/www.suiteinn.it\/de\/wp-json\/wp\/v2\/pages"}],"about":[{"href":"https:\/\/www.suiteinn.it\/de\/wp-json\/wp\/v2\/types\/page"}],"author":[{"embeddable":true,"href":"https:\/\/www.suiteinn.it\/de\/wp-json\/wp\/v2\/users\/5"}],"replies":[{"embeddable":true,"href":"https:\/\/www.suiteinn.it\/de\/wp-json\/wp\/v2\/comments?post=14426"}],"version-history":[{"count":0,"href":"https:\/\/www.suiteinn.it\/de\/wp-json\/wp\/v2\/pages\/14426\/revisions"}],"wp:attachment":[{"href":"https:\/\/www.suiteinn.it\/de\/wp-json\/wp\/v2\/media?parent=14426"}],"curies":[{"name":"wp","href":"https:\/\/api.w.org\/{rel}","templated":true}]}}