{"id":14441,"date":"2023-06-30T12:08:38","date_gmt":"2023-06-30T10:08:38","guid":{"rendered":"http:\/\/www.suiteinn.it\/?page_id=14441"},"modified":"2026-01-13T17:04:26","modified_gmt":"2026-01-13T16:04:26","slug":"erlebnisse-de","status":"publish","type":"page","link":"https:\/\/www.suiteinn.it\/de\/erlebnisse-de\/","title":{"rendered":"Erlebnisse"},"content":{"rendered":"\t\t<div data-elementor-type=\"wp-page\" data-elementor-id=\"14441\" class=\"elementor elementor-14441 elementor-7762\" data-elementor-post-type=\"page\">\n\t\t\t\t\t\t<section class=\"elementor-section elementor-top-section elementor-element elementor-element-2f2527ce elementor-section-stretched elementor-section-boxed elementor-section-height-default elementor-section-height-default\" data-id=\"2f2527ce\" data-element_type=\"section\" data-e-type=\"section\" data-settings=\"{&quot;stretch_section&quot;:&quot;section-stretched&quot;,&quot;background_background&quot;:&quot;classic&quot;}\">\n\t\t\t\t\t\t<div class=\"elementor-container elementor-column-gap-default\">\n\t\t\t\t\t<div class=\"elementor-column elementor-col-100 elementor-top-column elementor-element elementor-element-ff8451c\" data-id=\"ff8451c\" data-element_type=\"column\" data-e-type=\"column\">\n\t\t\t<div class=\"elementor-widget-wrap elementor-element-populated\">\n\t\t\t\t\t\t<div class=\"elementor-element elementor-element-047e2e8 elementor-widget elementor-widget-heading\" data-id=\"047e2e8\" data-element_type=\"widget\" data-e-type=\"widget\" data-widget_type=\"heading.default\">\n\t\t\t\t<div class=\"elementor-widget-container\">\n\t\t\t\t\t<h2 class=\"elementor-heading-title elementor-size-default\">Entdecke Udine: authentische Erlebnisse zwischen Genuss, Natur und Kultur.<\/h2>\t\t\t\t<\/div>\n\t\t\t\t<\/div>\n\t\t\t\t\t<\/div>\n\t\t<\/div>\n\t\t\t\t\t<\/div>\n\t\t<\/section>\n\t\t\t\t<section class=\"elementor-section elementor-top-section elementor-element elementor-element-5c7d79c5 elementor-section-stretched elementor-section-boxed elementor-section-height-default elementor-section-height-default\" data-id=\"5c7d79c5\" data-element_type=\"section\" data-e-type=\"section\" data-settings=\"{&quot;stretch_section&quot;:&quot;section-stretched&quot;,&quot;background_background&quot;:&quot;classic&quot;}\">\n\t\t\t\t\t\t<div class=\"elementor-container elementor-column-gap-default\">\n\t\t\t\t\t<div class=\"elementor-column elementor-col-100 elementor-top-column elementor-element elementor-element-761778e5\" data-id=\"761778e5\" data-element_type=\"column\" data-e-type=\"column\">\n\t\t\t<div class=\"elementor-widget-wrap elementor-element-populated\">\n\t\t\t\t\t\t<div class=\"elementor-element elementor-element-35cd9f1c elementor-widget elementor-widget-spacer\" data-id=\"35cd9f1c\" data-element_type=\"widget\" data-e-type=\"widget\" data-widget_type=\"spacer.default\">\n\t\t\t\t<div class=\"elementor-widget-container\">\n\t\t\t\t\t\t\t<div class=\"elementor-spacer\">\n\t\t\t<div class=\"elementor-spacer-inner\"><\/div>\n\t\t<\/div>\n\t\t\t\t\t\t<\/div>\n\t\t\t\t<\/div>\n\t\t\t\t<div class=\"elementor-element elementor-element-777802d2 elementor-grid-3 elementor-grid-tablet-2 elementor-grid-mobile-1 elementor-widget elementor-widget-eael-dynamic-filterable-gallery\" data-id=\"777802d2\" data-element_type=\"widget\" data-e-type=\"widget\" data-settings=\"{&quot;eael_fg_columns&quot;:&quot;3&quot;,&quot;eael_fg_columns_tablet&quot;:&quot;2&quot;,&quot;eael_fg_columns_mobile&quot;:&quot;1&quot;}\" data-widget_type=\"eael-dynamic-filterable-gallery.default\">\n\t\t\t\t<div class=\"elementor-widget-container\">\n\t\t\t\t\t<div id=\"eael-filter-gallery-wrapper-777802d2\" class=\"eael-filter-gallery-wrapper eael-filter-position-top\"><div class=\"eael-filter-gallery-control\">\n                    <ul>\n                        <li class=\"control active dynamic-gallery-category \" data-filter=\"*\">ALLES<\/li><li class=\"control dynamic-gallery-category \" data-termid=\"64\" data-taxonomy=\"category\" data-filter=\".angebote-essen-und-wein\">Essen und Wein<\/li><li class=\"control dynamic-gallery-category \" data-termid=\"69\" data-taxonomy=\"category\" data-filter=\".angebote-events\">Events<\/li><li class=\"control dynamic-gallery-category \" data-termid=\"65\" data-taxonomy=\"category\" data-filter=\".angebote-freizeit\">Freizeit<\/li><li class=\"control dynamic-gallery-category \" data-termid=\"115\" data-taxonomy=\"category\" data-filter=\".erlebnisse\">Erlebnisse<\/li><\/ul>\n                <\/div><div class=\"eael-filter-gallery-container eael-post-appender eael-post-appender-777802d2 grid eael-cards 3\" data-settings=\"{&quot;has_filter&quot;:true,&quot;item_style&quot;:&quot;eael-cards&quot;,&quot;duration&quot;:500,&quot;layout_mode&quot;:&quot;grid&quot;}\"><div class=\"dynamic-gallery-item blog-de erlebnisse offerte-eventi-de offerte-suiteinn-de optional-de blog-de erlebnisse offerte-eventi-de offerte-suiteinn-de sich-das-erlebnis-eines-fussballspiels-im-stadio-friuli-in-udine-schenken\">\n    <div class=\"dynamic-gallery-item-inner\" data-itemid=\"18207\">\n\n                <div class=\"dynamic-gallery-thumbnail\">\n            <img decoding=\"async\" src=\"https:\/\/www.suiteinn.it\/wp-content\/uploads\/2026\/01\/1200px-DaciaArena-768x480.jpg\" alt=\"\" title=\"\"><div class=\"caption eael-fade-in \"><div class=\"buttons\"><a href=\"https:\/\/www.suiteinn.it\/wp-content\/uploads\/2026\/01\/1200px-DaciaArena.jpg\" class=\"eael-magnific-link\" data-elementor-open-lightbox=\"yes\"><i aria-hidden=\"true\" class=\"fas fa-search-plus\"><\/i><\/a><a href=\"https:\/\/www.suiteinn.it\/de\/offerte-suiteinn-de\/offerte-eventi-de\/sich-das-erlebnis-eines-fussballspiels-im-stadio-friuli-in-udine-schenken\/\"><i aria-hidden=\"true\" class=\"fas fa-link\"><\/i><\/a><\/div><\/div>        <\/div>\n\n        \n        <div class=\"item-content\">\n            <h2 class=\"title\"><a href=\"https:\/\/www.suiteinn.it\/de\/offerte-suiteinn-de\/offerte-eventi-de\/sich-das-erlebnis-eines-fussballspiels-im-stadio-friuli-in-udine-schenken\/\">Sich das Erlebnis eines Fu\u00dfballspiels im Stadio Friuli in Udine schenken<\/a><\/h2><p>Sich das Erlebnis eines Fu\u00dfballspiels im hochmodernen Stadio Friuli in Udine schenken Als Zuschauer live bei einem Fu\u00dfballspiel im hochmodernen<a class=\"eael_post_excerpt_read_more\" href=\"https:\/\/www.suiteinn.it\/de\/offerte-suiteinn-de\/offerte-eventi-de\/sich-das-erlebnis-eines-fussballspiels-im-stadio-friuli-in-udine-schenken\/\"> ...Mehr sehen<\/a><\/p>        <\/div>\n    <\/div>\n<\/div>\n<div class=\"dynamic-gallery-item erlebnisse offerte-suiteinn-de optional-de vacanza-de erlebnisse offerte-suiteinn-de vacanza-de geschenk-radurlaub-in-friaul-julisch-venetien\">\n    <div class=\"dynamic-gallery-item-inner\" data-itemid=\"18171\">\n\n                <div class=\"dynamic-gallery-thumbnail\">\n            <img decoding=\"async\" src=\"https:\/\/www.suiteinn.it\/wp-content\/uploads\/2020\/07\/bici-vacanza-fagagna-768x576.jpg\" alt=\"\" title=\"\"><div class=\"caption eael-fade-in \"><div class=\"buttons\"><a href=\"https:\/\/www.suiteinn.it\/wp-content\/uploads\/2020\/07\/bici-vacanza-fagagna-scaled.jpg\" class=\"eael-magnific-link\" data-elementor-open-lightbox=\"yes\"><i aria-hidden=\"true\" class=\"fas fa-search-plus\"><\/i><\/a><a href=\"https:\/\/www.suiteinn.it\/de\/offerte-suiteinn-de\/geschenk-radurlaub-in-friaul-julisch-venetien\/\"><i aria-hidden=\"true\" class=\"fas fa-link\"><\/i><\/a><\/div><\/div>        <\/div>\n\n        \n        <div class=\"item-content\">\n            <h2 class=\"title\"><a href=\"https:\/\/www.suiteinn.it\/de\/offerte-suiteinn-de\/geschenk-radurlaub-in-friaul-julisch-venetien\/\">Geschenk-Radurlaub in Friaul-Julisch Venetien<\/a><\/h2><p>Geschenk-Radurlaub in Friaul-Julisch Venetien \u00a0 \ud83d\udeb4\u200d\u2640\ufe0f Das Hotel Suite Inn \u201eBike Experience\u201c l\u00e4dt Sie ein, individuelle Radtouren rund um Udine<a class=\"eael_post_excerpt_read_more\" href=\"https:\/\/www.suiteinn.it\/de\/offerte-suiteinn-de\/geschenk-radurlaub-in-friaul-julisch-venetien\/\"> ...Mehr sehen<\/a><\/p>        <\/div>\n    <\/div>\n<\/div>\n<div class=\"dynamic-gallery-item ausstellungen-in-udine blog-de erlebnisse offerte-suiteinn-de optional-de ausstellungen-in-udine blog-de erlebnisse offerte-suiteinn-de udine-2026-impressionismus-und-moderne-ein-kulturelles-erlebnis-in-der-casa-cavazzini\">\n    <div class=\"dynamic-gallery-item-inner\" data-itemid=\"18125\">\n\n                <div class=\"dynamic-gallery-thumbnail\">\n            <img decoding=\"async\" src=\"https:\/\/www.suiteinn.it\/wp-content\/uploads\/2026\/01\/Immagine1-768x432.jpg\" alt=\"\" title=\"\"><div class=\"caption eael-fade-in \"><div class=\"buttons\"><a href=\"https:\/\/www.suiteinn.it\/wp-content\/uploads\/2026\/01\/Immagine1.jpg\" class=\"eael-magnific-link\" data-elementor-open-lightbox=\"yes\"><i aria-hidden=\"true\" class=\"fas fa-search-plus\"><\/i><\/a><a href=\"https:\/\/www.suiteinn.it\/de\/offerte-suiteinn-de\/udine-2026-impressionismus-und-moderne-ein-kulturelles-erlebnis-in-der-casa-cavazzini\/\"><i aria-hidden=\"true\" class=\"fas fa-link\"><\/i><\/a><\/div><\/div>        <\/div>\n\n        \n        <div class=\"item-content\">\n            <h2 class=\"title\"><a href=\"https:\/\/www.suiteinn.it\/de\/offerte-suiteinn-de\/udine-2026-impressionismus-und-moderne-ein-kulturelles-erlebnis-in-der-casa-cavazzini\/\">Udine 2026: \u2018Impressionismus und Moderne\u2018 \u2013 Ein kulturelles Erlebnis in der Casa Cavazzini<\/a><\/h2><p>Das Hotel Suite Inn pr\u00e4sentiert die neue Kunstausstellung \u201eImpressionismus und Moderne\u201c im Casa Cavazzini in Udine. Vom 30. Januar bis<a class=\"eael_post_excerpt_read_more\" href=\"https:\/\/www.suiteinn.it\/de\/offerte-suiteinn-de\/udine-2026-impressionismus-und-moderne-ein-kulturelles-erlebnis-in-der-casa-cavazzini\/\"> ...Mehr sehen<\/a><\/p>        <\/div>\n    <\/div>\n<\/div>\n<div class=\"dynamic-gallery-item blog-de angebote-essen-und-wein angebote-events blog-de angebote-essen-und-wein angebote-events 24h-rezeption-im-hotel-service-und-vorteile-fuer-alle-die-in-udine-zu-abend-essen\">\n    <div class=\"dynamic-gallery-item-inner\" data-itemid=\"17870\">\n\n                <div class=\"dynamic-gallery-thumbnail\">\n            <img decoding=\"async\" src=\"https:\/\/www.suiteinn.it\/wp-content\/uploads\/2025\/11\/DSC_6748-768x513.jpg\" alt=\"24h-Rezeption im Hotel: Service und Vorteile f\u00fcr alle, die in Udine zu Abend essen\" title=\"\"><div class=\"caption eael-fade-in \"><div class=\"buttons\"><a href=\"https:\/\/www.suiteinn.it\/wp-content\/uploads\/2025\/11\/DSC_6748.jpg\" class=\"eael-magnific-link\" data-elementor-open-lightbox=\"yes\"><i aria-hidden=\"true\" class=\"fas fa-search-plus\"><\/i><\/a><a href=\"https:\/\/www.suiteinn.it\/de\/angebote-essen-und-wein\/24h-rezeption-im-hotel-service-und-vorteile-fuer-alle-die-in-udine-zu-abend-essen\/\"><i aria-hidden=\"true\" class=\"fas fa-link\"><\/i><\/a><\/div><\/div>        <\/div>\n\n        \n        <div class=\"item-content\">\n            <h2 class=\"title\"><a href=\"https:\/\/www.suiteinn.it\/de\/angebote-essen-und-wein\/24h-rezeption-im-hotel-service-und-vorteile-fuer-alle-die-in-udine-zu-abend-essen\/\">24h-Rezeption im Hotel: Service und Vorteile f\u00fcr alle, die in Udine zu Abend essen<\/a><\/h2><p>Haben Sie ein Gesch\u00e4ftsessen in Udine? W\u00e4hlen Sie dieses Jahr die Freiheit, unbeschwert anzusto\u00dfen! Die 24h-Rezeption des Hotel Suite Inn<a class=\"eael_post_excerpt_read_more\" href=\"https:\/\/www.suiteinn.it\/de\/angebote-essen-und-wein\/24h-rezeption-im-hotel-service-und-vorteile-fuer-alle-die-in-udine-zu-abend-essen\/\"> ...Mehr sehen<\/a><\/p>        <\/div>\n    <\/div>\n<\/div>\n<div class=\"dynamic-gallery-item angebote-essen-und-wein angebote-freizeit optional-de zeitschrift angebote-essen-und-wein angebote-freizeit zeitschrift in-cantina-con-hotel-suite-inn-in-degustazione-di-ribolla-gialla\">\n    <div class=\"dynamic-gallery-item-inner\" data-itemid=\"14149\">\n\n                <div class=\"dynamic-gallery-thumbnail\">\n            <img decoding=\"async\" src=\"https:\/\/www.suiteinn.it\/wp-content\/uploads\/2021\/01\/Screenshot-101-1-768x321.png\" alt=\"\" title=\"\"><div class=\"caption eael-fade-in \"><div class=\"buttons\"><a href=\"https:\/\/www.suiteinn.it\/wp-content\/uploads\/2021\/01\/Screenshot-101-1.png\" class=\"eael-magnific-link\" data-elementor-open-lightbox=\"yes\"><i aria-hidden=\"true\" class=\"fas fa-search-plus\"><\/i><\/a><a href=\"https:\/\/www.suiteinn.it\/de\/zeitschrift\/in-cantina-con-hotel-suite-inn-in-degustazione-di-ribolla-gialla\/\"><i aria-hidden=\"true\" class=\"fas fa-link\"><\/i><\/a><\/div><\/div>        <\/div>\n\n        \n        <div class=\"item-content\">\n            <h2 class=\"title\"><a href=\"https:\/\/www.suiteinn.it\/de\/zeitschrift\/in-cantina-con-hotel-suite-inn-in-degustazione-di-ribolla-gialla\/\">Weinerlebnis mit Hotel Suite Inn<\/a><\/h2><p>Weinerlebnis mit Hotel Suite Inn &nbsp; Friaul Julisch Venetien geniessen, verkosten, erleben &#8211;&nbsp;2&nbsp;\u00dcbernachtungen&nbsp;\/2 Personen in einem Superior DZ&nbsp;inklusive Genie\u00dfer-Fr\u00fchst\u00fcck, W-Lan,&nbsp;Parkplatz<a class=\"eael_post_excerpt_read_more\" href=\"https:\/\/www.suiteinn.it\/de\/zeitschrift\/in-cantina-con-hotel-suite-inn-in-degustazione-di-ribolla-gialla\/\"> ...Mehr sehen<\/a><\/p>        <\/div>\n    <\/div>\n<\/div>\n<\/div><\/div>\t\t\t\t<\/div>\n\t\t\t\t<\/div>\n\t\t\t\t\t<\/div>\n\t\t<\/div>\n\t\t\t\t\t<\/div>\n\t\t<\/section>\n\t\t\t\t<\/div>\n\t\t","protected":false},"excerpt":{"rendered":"<p>Entdecke Udine: authentische Erlebnisse zwischen Genuss, Natur und Kultur. ALLES Essen und Wein Events Freizeit Erlebnisse Udine 2026: \u2018Impressionismus und Moderne\u2018 \u2013 Ein kulturelles Erlebnis in der Casa Cavazzini Das Hotel Suite Inn pr\u00e4sentiert die neue Kunstausstellung \u201eImpressionismus und Moderne\u201c im Casa Cavazzini in Udine. Vom 30. Januar bis &#8230;Mehr sehen 24h-Rezeption im Hotel: Service [&hellip;]<\/p>\n","protected":false},"author":5,"featured_media":0,"parent":0,"menu_order":0,"comment_status":"closed","ping_status":"closed","template":"","meta":{"ocean_post_layout":"","ocean_both_sidebars_style":"","ocean_both_sidebars_content_width":0,"ocean_both_sidebars_sidebars_width":0,"ocean_sidebar":"0","ocean_second_sidebar":"0","ocean_disable_margins":"enable","ocean_add_body_class":"","ocean_shortcode_before_top_bar":"","ocean_shortcode_after_top_bar":"","ocean_shortcode_before_header":"","ocean_shortcode_after_header":"","ocean_has_shortcode":"","ocean_shortcode_after_title":"","ocean_shortcode_before_footer_widgets":"","ocean_shortcode_after_footer_widgets":"","ocean_shortcode_before_footer_bottom":"","ocean_shortcode_after_footer_bottom":"","ocean_display_top_bar":"default","ocean_display_header":"default","ocean_header_style":"custom","ocean_center_header_left_menu":"0","ocean_custom_header_template":"14189","ocean_custom_logo":0,"ocean_custom_retina_logo":0,"ocean_custom_logo_max_width":0,"ocean_custom_logo_tablet_max_width":0,"ocean_custom_logo_mobile_max_width":0,"ocean_custom_logo_max_height":0,"ocean_custom_logo_tablet_max_height":0,"ocean_custom_logo_mobile_max_height":0,"ocean_header_custom_menu":"0","ocean_menu_typo_font_family":"0","ocean_menu_typo_font_subset":"","ocean_menu_typo_font_size":0,"ocean_menu_typo_font_size_tablet":0,"ocean_menu_typo_font_size_mobile":0,"ocean_menu_typo_font_size_unit":"px","ocean_menu_typo_font_weight":"","ocean_menu_typo_font_weight_tablet":"","ocean_menu_typo_font_weight_mobile":"","ocean_menu_typo_transform":"","ocean_menu_typo_transform_tablet":"","ocean_menu_typo_transform_mobile":"","ocean_menu_typo_line_height":0,"ocean_menu_typo_line_height_tablet":0,"ocean_menu_typo_line_height_mobile":0,"ocean_menu_typo_line_height_unit":"","ocean_menu_typo_spacing":0,"ocean_menu_typo_spacing_tablet":0,"ocean_menu_typo_spacing_mobile":0,"ocean_menu_typo_spacing_unit":"","ocean_menu_link_color":"","ocean_menu_link_color_hover":"","ocean_menu_link_color_active":"","ocean_menu_link_background":"","ocean_menu_link_hover_background":"","ocean_menu_link_active_background":"","ocean_menu_social_links_bg":"","ocean_menu_social_hover_links_bg":"","ocean_menu_social_links_color":"","ocean_menu_social_hover_links_color":"","ocean_disable_title":"on","ocean_disable_heading":"default","ocean_post_title":"","ocean_post_subheading":"","ocean_post_title_style":"","ocean_post_title_background_color":"","ocean_post_title_background":0,"ocean_post_title_bg_image_position":"","ocean_post_title_bg_image_attachment":"","ocean_post_title_bg_image_repeat":"","ocean_post_title_bg_image_size":"","ocean_post_title_height":0,"ocean_post_title_bg_overlay":0.5,"ocean_post_title_bg_overlay_color":"","ocean_disable_breadcrumbs":"default","ocean_breadcrumbs_color":"","ocean_breadcrumbs_separator_color":"","ocean_breadcrumbs_links_color":"","ocean_breadcrumbs_links_hover_color":"","ocean_display_footer_widgets":"default","ocean_display_footer_bottom":"default","ocean_custom_footer_template":"0","footnotes":""},"class_list":["post-14441","page","type-page","status-publish","hentry","entry","has-media"],"_links":{"self":[{"href":"https:\/\/www.suiteinn.it\/de\/wp-json\/wp\/v2\/pages\/14441","targetHints":{"allow":["GET"]}}],"collection":[{"href":"https:\/\/www.suiteinn.it\/de\/wp-json\/wp\/v2\/pages"}],"about":[{"href":"https:\/\/www.suiteinn.it\/de\/wp-json\/wp\/v2\/types\/page"}],"author":[{"embeddable":true,"href":"https:\/\/www.suiteinn.it\/de\/wp-json\/wp\/v2\/users\/5"}],"replies":[{"embeddable":true,"href":"https:\/\/www.suiteinn.it\/de\/wp-json\/wp\/v2\/comments?post=14441"}],"version-history":[{"count":6,"href":"https:\/\/www.suiteinn.it\/de\/wp-json\/wp\/v2\/pages\/14441\/revisions"}],"predecessor-version":[{"id":18130,"href":"https:\/\/www.suiteinn.it\/de\/wp-json\/wp\/v2\/pages\/14441\/revisions\/18130"}],"wp:attachment":[{"href":"https:\/\/www.suiteinn.it\/de\/wp-json\/wp\/v2\/media?parent=14441"}],"curies":[{"name":"wp","href":"https:\/\/api.w.org\/{rel}","templated":true}]}}