{"id":14591,"date":"2023-06-30T23:59:09","date_gmt":"2023-06-30T21:59:09","guid":{"rendered":"http:\/\/www.suiteinn.it\/?page_id=14591"},"modified":"2023-06-30T23:59:48","modified_gmt":"2023-06-30T21:59:48","slug":"info-covid-19","status":"publish","type":"page","link":"https:\/\/www.suiteinn.it\/de\/info-covid-19\/","title":{"rendered":"info covid 19"},"content":{"rendered":"\t\t<div data-elementor-type=\"wp-page\" data-elementor-id=\"14591\" class=\"elementor elementor-14591\" data-elementor-post-type=\"page\">\n\t\t\t\t\t\t<section class=\"elementor-section elementor-top-section elementor-element elementor-element-4b51d7d0 elementor-section-stretched elementor-section-boxed elementor-section-height-default elementor-section-height-default\" data-id=\"4b51d7d0\" data-element_type=\"section\" data-e-type=\"section\" data-settings=\"{&quot;stretch_section&quot;:&quot;section-stretched&quot;,&quot;background_background&quot;:&quot;classic&quot;}\">\n\t\t\t\t\t\t<div class=\"elementor-container elementor-column-gap-default\">\n\t\t\t\t\t<div class=\"elementor-column elementor-col-50 elementor-top-column elementor-element elementor-element-2ad0a1d0\" data-id=\"2ad0a1d0\" data-element_type=\"column\" data-e-type=\"column\">\n\t\t\t<div class=\"elementor-widget-wrap elementor-element-populated\">\n\t\t\t\t\t\t<div class=\"elementor-element elementor-element-7a7238af elementor-widget elementor-widget-heading\" data-id=\"7a7238af\" data-element_type=\"widget\" data-e-type=\"widget\" data-widget_type=\"heading.default\">\n\t\t\t\t<div class=\"elementor-widget-container\">\n\t\t\t\t\t<h2 class=\"elementor-heading-title elementor-size-default\">Unser bewusstes Engagement<\/h2>\t\t\t\t<\/div>\n\t\t\t\t<\/div>\n\t\t\t\t<div class=\"elementor-element elementor-element-7a5f745d elementor-widget elementor-widget-text-editor\" data-id=\"7a5f745d\" data-element_type=\"widget\" data-e-type=\"widget\" data-widget_type=\"text-editor.default\">\n\t\t\t\t<div class=\"elementor-widget-container\">\n\t\t\t\t\t\t\t\t\t<p>Gesundheit und Sicherheit sind heute mehr denn je unser vorrangiges Ziel.<br \/>Deshalb wollen wir unseren Beitrag zum Schutz unserer G\u00e4ste, uns selbst und unserer Familien leisten.<br \/>Wir tun dies aus Respekt vor der Umwelt und wenden Verhaltenspraktiken an, die das Engagement und die Aufmerksamkeit des Einzelnen sowie den erforderlichen Schutz erfordern, ohne Kunststoffe in Mengen zu \u00fcberschreiten und an Einweghandschuhe zu delegieren.<\/p>\t\t\t\t\t\t\t\t<\/div>\n\t\t\t\t<\/div>\n\t\t\t\t\t<\/div>\n\t\t<\/div>\n\t\t\t\t<div class=\"elementor-column elementor-col-50 elementor-top-column elementor-element elementor-element-5767c631\" data-id=\"5767c631\" data-element_type=\"column\" data-e-type=\"column\">\n\t\t\t<div class=\"elementor-widget-wrap elementor-element-populated\">\n\t\t\t\t\t\t<div class=\"elementor-element elementor-element-453cd elementor-widget elementor-widget-image\" data-id=\"453cd\" data-element_type=\"widget\" data-e-type=\"widget\" data-widget_type=\"image.default\">\n\t\t\t\t<div class=\"elementor-widget-container\">\n\t\t\t\t\t\t\t\t\t\t\t\t\t\t\t<img fetchpriority=\"high\" decoding=\"async\" width=\"1024\" height=\"683\" src=\"https:\/\/www.suiteinn.it\/wp-content\/uploads\/2023\/06\/austin-distel-gUIJ0YszPig-unsplash-1024x683-1.jpg\" class=\"attachment-large size-large wp-image-14593\" alt=\"\" srcset=\"https:\/\/www.suiteinn.it\/wp-content\/uploads\/2023\/06\/austin-distel-gUIJ0YszPig-unsplash-1024x683-1.jpg 1024w, https:\/\/www.suiteinn.it\/wp-content\/uploads\/2023\/06\/austin-distel-gUIJ0YszPig-unsplash-1024x683-1-300x200.jpg 300w, https:\/\/www.suiteinn.it\/wp-content\/uploads\/2023\/06\/austin-distel-gUIJ0YszPig-unsplash-1024x683-1-768x512.jpg 768w\" sizes=\"(max-width: 1024px) 100vw, 1024px\" title=\"\">\t\t\t\t\t\t\t\t\t\t\t\t\t\t\t<\/div>\n\t\t\t\t<\/div>\n\t\t\t\t\t<\/div>\n\t\t<\/div>\n\t\t\t\t\t<\/div>\n\t\t<\/section>\n\t\t\t\t<section class=\"elementor-section elementor-top-section elementor-element elementor-element-44a0372b elementor-section-boxed elementor-section-height-default elementor-section-height-default\" data-id=\"44a0372b\" data-element_type=\"section\" data-e-type=\"section\">\n\t\t\t\t\t\t<div class=\"elementor-container elementor-column-gap-default\">\n\t\t\t\t\t<div class=\"elementor-column elementor-col-100 elementor-top-column elementor-element elementor-element-3bab0314\" data-id=\"3bab0314\" data-element_type=\"column\" data-e-type=\"column\">\n\t\t\t<div class=\"elementor-widget-wrap elementor-element-populated\">\n\t\t\t\t\t\t<div class=\"elementor-element elementor-element-775b0f18 elementor-widget elementor-widget-heading\" data-id=\"775b0f18\" data-element_type=\"widget\" data-e-type=\"widget\" data-widget_type=\"heading.default\">\n\t\t\t\t<div class=\"elementor-widget-container\">\n\t\t\t\t\t<h2 class=\"elementor-heading-title elementor-size-default\">Sauberkeit und Hygiene sind Grundwerte unserer Gastfreundschaft. Immer.<\/h2>\t\t\t\t<\/div>\n\t\t\t\t<\/div>\n\t\t\t\t<div class=\"elementor-element elementor-element-6ae95df8 elementor-widget elementor-widget-text-editor\" data-id=\"6ae95df8\" data-element_type=\"widget\" data-e-type=\"widget\" data-widget_type=\"text-editor.default\">\n\t\t\t\t<div class=\"elementor-widget-container\">\n\t\t\t\t\t\t\t\t\t<p style=\"text-align: center;\">Um jedes Risiko zu minimieren, befolgt jedes Mitglied des Hotel Suite Inn-Personals die aktuellen OSM-Richtlinien, die Folgendes umfassen:<\/p>\t\t\t\t\t\t\t\t<\/div>\n\t\t\t\t<\/div>\n\t\t\t\t\t<\/div>\n\t\t<\/div>\n\t\t\t\t\t<\/div>\n\t\t<\/section>\n\t\t\t\t<section class=\"elementor-section elementor-top-section elementor-element elementor-element-2759d050 elementor-section-boxed elementor-section-height-default elementor-section-height-default\" data-id=\"2759d050\" data-element_type=\"section\" data-e-type=\"section\">\n\t\t\t\t\t\t<div class=\"elementor-container elementor-column-gap-default\">\n\t\t\t\t\t<div class=\"elementor-column elementor-col-50 elementor-top-column elementor-element elementor-element-5368a8b0\" data-id=\"5368a8b0\" data-element_type=\"column\" data-e-type=\"column\">\n\t\t\t<div class=\"elementor-widget-wrap elementor-element-populated\">\n\t\t\t\t\t\t<div class=\"elementor-element elementor-element-11d0b43c elementor-widget elementor-widget-text-editor\" data-id=\"11d0b43c\" data-element_type=\"widget\" data-e-type=\"widget\" data-widget_type=\"text-editor.default\">\n\t\t\t\t<div class=\"elementor-widget-container\">\n\t\t\t\t\t\t\t\t\t<ul><li><p>Waschen Sie Ihre H\u00e4nde h\u00e4ufig mit Wasser und Seife und Desinfektionsfl\u00fcssigkeiten<\/p><\/li><li><p>Minimieren Sie den direkten Kontakt<\/p><\/li><li><p>H\u00e4ufige und l\u00e4ngere Bel\u00fcftung<\/p><\/li><li><p>Halten Sie einen sozialen Abstand von 1 Meter zu anderen Personen ein.<\/p><\/li><\/ul><p>Wiederkehrende Wartung von Maschinen, Ger\u00e4ten und Rohren<br \/>vorbeugende Eingriffe in die interne Hygiene und Desinsektion in externen Bereichen<\/p><p>Die Reinigung der Zimmer und das Aufr\u00e4umen der B\u00f6den und Gemeinschaftsr\u00e4ume im Hotel wird der Sorgfalt und Professionalit\u00e4t unserer Haush\u00e4lterin anvertraut. Als Schl\u00fcsselfigur, die die Zimmer mit Bewusstsein und Leidenschaft f\u00fcr Gastfreundschaft vorbereitet, &#8222;macht&#8220; sie Gastfreundschaft zusammen mit dem gesamten Suite Inn Team!<\/p>\t\t\t\t\t\t\t\t<\/div>\n\t\t\t\t<\/div>\n\t\t\t\t<div class=\"elementor-element elementor-element-dc28b06 elementor-align-center elementor-widget elementor-widget-button\" data-id=\"dc28b06\" data-element_type=\"widget\" data-e-type=\"widget\" data-widget_type=\"button.default\">\n\t\t\t\t<div class=\"elementor-widget-container\">\n\t\t\t\t\t\t\t\t\t<div class=\"elementor-button-wrapper\">\n\t\t\t\t\t<a class=\"elementor-button elementor-button-link elementor-size-sm\" href=\"#\">\n\t\t\t\t\t\t<span class=\"elementor-button-content-wrapper\">\n\t\t\t\t\t\t\t\t\t<span class=\"elementor-button-text\">Protocollo pulizie ai piani<\/span>\n\t\t\t\t\t<\/span>\n\t\t\t\t\t<\/a>\n\t\t\t\t<\/div>\n\t\t\t\t\t\t\t\t<\/div>\n\t\t\t\t<\/div>\n\t\t\t\t\t<\/div>\n\t\t<\/div>\n\t\t\t\t<div class=\"elementor-column elementor-col-50 elementor-top-column elementor-element elementor-element-275d31e1\" data-id=\"275d31e1\" data-element_type=\"column\" data-e-type=\"column\">\n\t\t\t<div class=\"elementor-widget-wrap elementor-element-populated\">\n\t\t\t\t\t\t<div class=\"elementor-element elementor-element-7042fe63 elementor-widget elementor-widget-image\" data-id=\"7042fe63\" data-element_type=\"widget\" data-e-type=\"widget\" data-widget_type=\"image.default\">\n\t\t\t\t<div class=\"elementor-widget-container\">\n\t\t\t\t\t\t\t\t\t\t\t\t<figure class=\"wp-caption\">\n\t\t\t\t\t\t\t\t\t\t\t<a href=\"http:\/\/www.suiteinn.it\/wp-content\/uploads\/2023\/06\/Attestato_Secure_Clean_Hotel-1.jpg\" data-elementor-open-lightbox=\"yes\" data-elementor-lightbox-title=\"Attestato_Secure_Clean_Hotel\" data-e-action-hash=\"#elementor-action%3Aaction%3Dlightbox%26settings%3DeyJpZCI6MTQ1OTYsInVybCI6Imh0dHBzOlwvXC93d3cuc3VpdGVpbm4uaXRcL3dwLWNvbnRlbnRcL3VwbG9hZHNcLzIwMjNcLzA2XC9BdHRlc3RhdG9fU2VjdXJlX0NsZWFuX0hvdGVsLTEuanBnIn0%3D\">\n\t\t\t\t\t\t\t<img decoding=\"async\" width=\"1024\" height=\"724\" src=\"https:\/\/www.suiteinn.it\/wp-content\/uploads\/2023\/06\/Attestato_Secure_Clean_Hotel-1.jpg\" class=\"attachment-large size-large wp-image-14596\" alt=\"\" srcset=\"https:\/\/www.suiteinn.it\/wp-content\/uploads\/2023\/06\/Attestato_Secure_Clean_Hotel-1.jpg 1024w, https:\/\/www.suiteinn.it\/wp-content\/uploads\/2023\/06\/Attestato_Secure_Clean_Hotel-1-300x212.jpg 300w, https:\/\/www.suiteinn.it\/wp-content\/uploads\/2023\/06\/Attestato_Secure_Clean_Hotel-1-768x543.jpg 768w\" sizes=\"(max-width: 1024px) 100vw, 1024px\" title=\"\">\t\t\t\t\t\t\t\t<\/a>\n\t\t\t\t\t\t\t\t\t\t\t<figcaption class=\"widget-image-caption wp-caption-text\"><\/figcaption>\n\t\t\t\t\t\t\t\t\t\t<\/figure>\n\t\t\t\t\t\t\t\t\t<\/div>\n\t\t\t\t<\/div>\n\t\t\t\t\t<\/div>\n\t\t<\/div>\n\t\t\t\t\t<\/div>\n\t\t<\/section>\n\t\t\t\t<section class=\"elementor-section elementor-top-section elementor-element elementor-element-42a72eba elementor-section-boxed elementor-section-height-default elementor-section-height-default\" data-id=\"42a72eba\" data-element_type=\"section\" data-e-type=\"section\">\n\t\t\t\t\t\t<div class=\"elementor-container elementor-column-gap-default\">\n\t\t\t\t\t<div class=\"elementor-column elementor-col-100 elementor-top-column elementor-element elementor-element-51d2750e\" data-id=\"51d2750e\" data-element_type=\"column\" data-e-type=\"column\">\n\t\t\t<div class=\"elementor-widget-wrap\">\n\t\t\t\t\t\t\t<\/div>\n\t\t<\/div>\n\t\t\t\t\t<\/div>\n\t\t<\/section>\n\t\t\t\t<section class=\"elementor-section elementor-top-section elementor-element elementor-element-275cb57e elementor-section-stretched elementor-section-boxed elementor-section-height-default elementor-section-height-default\" data-id=\"275cb57e\" data-element_type=\"section\" data-e-type=\"section\" data-settings=\"{&quot;background_background&quot;:&quot;classic&quot;,&quot;stretch_section&quot;:&quot;section-stretched&quot;}\">\n\t\t\t\t\t\t<div class=\"elementor-container elementor-column-gap-default\">\n\t\t\t\t\t<div class=\"elementor-column elementor-col-100 elementor-top-column elementor-element elementor-element-48b7c643\" data-id=\"48b7c643\" data-element_type=\"column\" data-e-type=\"column\">\n\t\t\t<div class=\"elementor-widget-wrap elementor-element-populated\">\n\t\t\t\t\t\t<div class=\"elementor-element elementor-element-60f41e9f elementor-widget elementor-widget-heading\" data-id=\"60f41e9f\" data-element_type=\"widget\" data-e-type=\"widget\" data-widget_type=\"heading.default\">\n\t\t\t\t<div class=\"elementor-widget-container\">\n\t\t\t\t\t<h2 class=\"elementor-heading-title elementor-size-default\">\u00c4nderungen und Stornierung des Aufenthaltes<\/h2>\t\t\t\t<\/div>\n\t\t\t\t<\/div>\n\t\t\t\t<div class=\"elementor-element elementor-element-35f6a6d0 elementor-widget elementor-widget-text-editor\" data-id=\"35f6a6d0\" data-element_type=\"widget\" data-e-type=\"widget\" data-widget_type=\"text-editor.default\">\n\t\t\t\t<div class=\"elementor-widget-container\">\n\t\t\t\t\t\t\t\t\t<p style=\"text-align: center;\">Die Situation des Augenblicks \u00e4ndert sich, wir alle sind uns dessen bewusst. Aus diesem Grund sind wir die Ersten, die Ihnen maximale Flexibilit\u00e4t und Verf\u00fcgbarkeit garantieren, um die Bedingungen Ihrer Reise direkt und jederzeit mit Ihnen zu verwalten. Unsere Rezeption ist immer ge\u00f6ffnet. Sie k\u00f6nnen uns jederzeit kontaktieren, um Informationen und Aktualisierungen zu erhalten.<\/p>\t\t\t\t\t\t\t\t<\/div>\n\t\t\t\t<\/div>\n\t\t\t\t<div class=\"elementor-element elementor-element-5fdcdfb8 elementor-widget elementor-widget-text-editor\" data-id=\"5fdcdfb8\" data-element_type=\"widget\" data-e-type=\"widget\" data-widget_type=\"text-editor.default\">\n\t\t\t\t<div class=\"elementor-widget-container\">\n\t\t\t\t\t\t\t\t\t<p>Auf unserer Website finden Sie den besten Preis, die Stornierung ist kostenlos und immer m\u00f6glich, es ist keine Vorauszahlung erforderlich.<\/p>\t\t\t\t\t\t\t\t<\/div>\n\t\t\t\t<\/div>\n\t\t\t\t\t<\/div>\n\t\t<\/div>\n\t\t\t\t\t<\/div>\n\t\t<\/section>\n\t\t\t\t<\/div>\n\t\t","protected":false},"excerpt":{"rendered":"<p>Unser bewusstes Engagement Gesundheit und Sicherheit sind heute mehr denn je unser vorrangiges Ziel.Deshalb wollen wir unseren Beitrag zum Schutz unserer G\u00e4ste, uns selbst und unserer Familien leisten.Wir tun dies aus Respekt vor der Umwelt und wenden Verhaltenspraktiken an, die das Engagement und die Aufmerksamkeit des Einzelnen sowie den erforderlichen Schutz erfordern, ohne Kunststoffe in [&hellip;]<\/p>\n","protected":false},"author":5,"featured_media":0,"parent":0,"menu_order":0,"comment_status":"closed","ping_status":"closed","template":"","meta":{"ocean_post_layout":"","ocean_both_sidebars_style":"","ocean_both_sidebars_content_width":0,"ocean_both_sidebars_sidebars_width":0,"ocean_sidebar":"0","ocean_second_sidebar":"0","ocean_disable_margins":"enable","ocean_add_body_class":"","ocean_shortcode_before_top_bar":"","ocean_shortcode_after_top_bar":"","ocean_shortcode_before_header":"","ocean_shortcode_after_header":"","ocean_has_shortcode":"","ocean_shortcode_after_title":"","ocean_shortcode_before_footer_widgets":"","ocean_shortcode_after_footer_widgets":"","ocean_shortcode_before_footer_bottom":"","ocean_shortcode_after_footer_bottom":"","ocean_display_top_bar":"default","ocean_display_header":"default","ocean_header_style":"custom","ocean_center_header_left_menu":"0","ocean_custom_header_template":"14189","ocean_custom_logo":0,"ocean_custom_retina_logo":0,"ocean_custom_logo_max_width":0,"ocean_custom_logo_tablet_max_width":0,"ocean_custom_logo_mobile_max_width":0,"ocean_custom_logo_max_height":0,"ocean_custom_logo_tablet_max_height":0,"ocean_custom_logo_mobile_max_height":0,"ocean_header_custom_menu":"0","ocean_menu_typo_font_family":"0","ocean_menu_typo_font_subset":"","ocean_menu_typo_font_size":0,"ocean_menu_typo_font_size_tablet":0,"ocean_menu_typo_font_size_mobile":0,"ocean_menu_typo_font_size_unit":"px","ocean_menu_typo_font_weight":"","ocean_menu_typo_font_weight_tablet":"","ocean_menu_typo_font_weight_mobile":"","ocean_menu_typo_transform":"","ocean_menu_typo_transform_tablet":"","ocean_menu_typo_transform_mobile":"","ocean_menu_typo_line_height":0,"ocean_menu_typo_line_height_tablet":0,"ocean_menu_typo_line_height_mobile":0,"ocean_menu_typo_line_height_unit":"","ocean_menu_typo_spacing":0,"ocean_menu_typo_spacing_tablet":0,"ocean_menu_typo_spacing_mobile":0,"ocean_menu_typo_spacing_unit":"","ocean_menu_link_color":"","ocean_menu_link_color_hover":"","ocean_menu_link_color_active":"","ocean_menu_link_background":"","ocean_menu_link_hover_background":"","ocean_menu_link_active_background":"","ocean_menu_social_links_bg":"","ocean_menu_social_hover_links_bg":"","ocean_menu_social_links_color":"","ocean_menu_social_hover_links_color":"","ocean_disable_title":"on","ocean_disable_heading":"default","ocean_post_title":"","ocean_post_subheading":"","ocean_post_title_style":"","ocean_post_title_background_color":"","ocean_post_title_background":0,"ocean_post_title_bg_image_position":"","ocean_post_title_bg_image_attachment":"","ocean_post_title_bg_image_repeat":"","ocean_post_title_bg_image_size":"","ocean_post_title_height":0,"ocean_post_title_bg_overlay":0.5,"ocean_post_title_bg_overlay_color":"","ocean_disable_breadcrumbs":"default","ocean_breadcrumbs_color":"","ocean_breadcrumbs_separator_color":"","ocean_breadcrumbs_links_color":"","ocean_breadcrumbs_links_hover_color":"","ocean_display_footer_widgets":"default","ocean_display_footer_bottom":"default","ocean_custom_footer_template":"0","footnotes":""},"class_list":["post-14591","page","type-page","status-publish","hentry","entry"],"_links":{"self":[{"href":"https:\/\/www.suiteinn.it\/de\/wp-json\/wp\/v2\/pages\/14591","targetHints":{"allow":["GET"]}}],"collection":[{"href":"https:\/\/www.suiteinn.it\/de\/wp-json\/wp\/v2\/pages"}],"about":[{"href":"https:\/\/www.suiteinn.it\/de\/wp-json\/wp\/v2\/types\/page"}],"author":[{"embeddable":true,"href":"https:\/\/www.suiteinn.it\/de\/wp-json\/wp\/v2\/users\/5"}],"replies":[{"embeddable":true,"href":"https:\/\/www.suiteinn.it\/de\/wp-json\/wp\/v2\/comments?post=14591"}],"version-history":[{"count":0,"href":"https:\/\/www.suiteinn.it\/de\/wp-json\/wp\/v2\/pages\/14591\/revisions"}],"wp:attachment":[{"href":"https:\/\/www.suiteinn.it\/de\/wp-json\/wp\/v2\/media?parent=14591"}],"curies":[{"name":"wp","href":"https:\/\/api.w.org\/{rel}","templated":true}]}}